{"id":20,"date":"2020-10-07T13:01:51","date_gmt":"2020-10-07T11:01:51","guid":{"rendered":"https:\/\/koronowo.oow.gov.pl\/?page_id=20"},"modified":"2023-02-16T11:09:57","modified_gmt":"2023-02-16T10:09:57","slug":"polozenie-i-dojazd","status":"publish","type":"page","link":"https:\/\/koronowo.oow.gov.pl\/?page_id=20","title":{"rendered":"Po\u0142o\u017cenie OOW w Koronowie"},"content":{"rendered":"\n<p>Koronowo po\u0142o\u017cone jest 23 km na p\u00f3\u0142noc od Bydgoszczy, na terenie p\u00f3\u0142nocnej cz\u0119\u015bci historycznych Kujaw, w obr\u0119bie Pojezierza Po\u0142udniowopomorskiego, w rozleg\u0142ym zakolu rzeki Brdy, gdzie jej pradolina ma szeroko\u015b\u0107 od 6 do 9 km. Samo miasto le\u017cy w pi\u0119knej kotlinie otoczonej wzg\u00f3rzami na po\u0142udniowym skraju Bor\u00f3w Tucholskich, gdzie w\u015br\u00f3d sosnowych las\u00f3w wije si\u0119 szereg malowniczo po\u0142o\u017conych jezior, po\u0142\u0105czonych obecnie w kompleks Zalewu Koronowskiego. Na rze\u017ab\u0119 powierzchni g\u0142\u0119boko wci\u0119tej (ok. 30-50m) doliny Brdy, stanowi\u0105cej przed\u0142u\u017cenie sandru R\u00f3wniny Tucholskiej ku pradolinie Noteci-Warty, sk\u0142adaj\u0105 si\u0119 obok rynien jeziornych, wytopisk i kocio\u0142k\u00f3w oraz wydm i piask\u00f3w przewianych, przede wszystkim z\u0142o\u017cone uk\u0142ady terasowe.<br>\u0179r\u00f3d\u0142o: http:\/\/www.koronowo.pl\/gmina\/lokalizacja<\/p>\n\n\n\n<p><\/p>\n","protected":false},"excerpt":{"rendered":"Koronowo po\u0142o\u017cone jest 23 km na p\u00f3\u0142noc od Bydgoszczy, na terenie p\u00f3\u0142nocnej cz\u0119\u015bci historycznych Kujaw, w obr\u0119bie Pojezierza Po\u0142udniowopomorskiego, w rozleg\u0142ym zakolu rzeki Brdy, gdzie jej pradolina ma szeroko\u015b\u0107 od 6 do 9 km. Samo miasto le\u017cy w pi\u0119knej kotlinie otoczonej wzg\u00f3rzami na po\u0142udniowym skraju Bor\u00f3w Tucholskich, gdzie w\u015br\u00f3d sosnowych las\u00f3w wije si\u0119 szereg malowniczo&#8230; <a class=\"view-article\" href=\"https:\/\/koronowo.oow.gov.pl\/?page_id=20\">View Article<\/a>","protected":false},"author":1,"featured_media":0,"parent":0,"menu_order":0,"comment_status":"closed","ping_status":"closed","template":"","meta":{"ngg_post_thumbnail":0,"footnotes":""},"class_list":["post-20","page","type-page","status-publish","hentry"],"_links":{"self":[{"href":"https:\/\/koronowo.oow.gov.pl\/index.php?rest_route=\/wp\/v2\/pages\/20","targetHints":{"allow":["GET"]}}],"collection":[{"href":"https:\/\/koronowo.oow.gov.pl\/index.php?rest_route=\/wp\/v2\/pages"}],"about":[{"href":"https:\/\/koronowo.oow.gov.pl\/index.php?rest_route=\/wp\/v2\/types\/page"}],"author":[{"embeddable":true,"href":"https:\/\/koronowo.oow.gov.pl\/index.php?rest_route=\/wp\/v2\/users\/1"}],"replies":[{"embeddable":true,"href":"https:\/\/koronowo.oow.gov.pl\/index.php?rest_route=%2Fwp%2Fv2%2Fcomments&post=20"}],"version-history":[{"count":16,"href":"https:\/\/koronowo.oow.gov.pl\/index.php?rest_route=\/wp\/v2\/pages\/20\/revisions"}],"predecessor-version":[{"id":1490,"href":"https:\/\/koronowo.oow.gov.pl\/index.php?rest_route=\/wp\/v2\/pages\/20\/revisions\/1490"}],"wp:attachment":[{"href":"https:\/\/koronowo.oow.gov.pl\/index.php?rest_route=%2Fwp%2Fv2%2Fmedia&parent=20"}],"curies":[{"name":"wp","href":"https:\/\/api.w.org\/{rel}","templated":true}]}}