{"id":562,"date":"2021-03-22T12:08:14","date_gmt":"2021-03-22T11:08:14","guid":{"rendered":"https:\/\/koronowo.oow.gov.pl\/?page_id=562"},"modified":"2023-12-11T19:33:18","modified_gmt":"2023-12-11T18:33:18","slug":"dla-rodzicow","status":"publish","type":"page","link":"https:\/\/koronowo.oow.gov.pl\/?page_id=562","title":{"rendered":"Dla rodzic\u00f3w"},"content":{"rendered":"\n<h3 class=\"wp-block-heading\"><strong>Regulamin odwiedzin<\/strong><\/h3>\n\n\n\n<div class=\"wp-block-file\"><a id=\"wp-block-file--media-196637de-4606-468f-b71c-a5da69769383\" href=\"https:\/\/koronowo.oow.gov.pl\/wp-content\/uploads\/2023\/01\/Regulamin_odwiedzin_120922.pdf\">Regulamin odwiedzin<\/a><a href=\"https:\/\/koronowo.oow.gov.pl\/wp-content\/uploads\/2023\/01\/Regulamin_odwiedzin_120922.pdf\" class=\"wp-block-file__button wp-element-button\" download aria-describedby=\"wp-block-file--media-196637de-4606-468f-b71c-a5da69769383\">Pobierz<\/a><\/div>\n\n\n\n<h3 class=\"wp-block-heading\"><br>Zasady przekazywania pieni\u0119dzy wychowankom umieszczonym w Okr\u0119gowym O\u015brodku Wychowawczym w Koronowie<\/h3>\n\n\n\n<ol class=\"wp-block-list\">\n<li>Wychowanki mog\u0105 otrzymywa\u0107 pieni\u0105dze od os\u00f3b, instytucji lub organizacji. <\/li>\n\n\n\n<li>Otrzymane pieni\u0105dze wychowanki przekazuj\u0105, za pokwitowaniem, do depozytu.<\/li>\n\n\n\n<li>Dysponowanie otrzymanymi pieni\u0119dzmi odbywa si\u0119 za zgod\u0105 wychowawcy.<\/li>\n\n\n\n<li><strong>Wychowanki nie posiadaj\u0105 w\u0142asnych kont bankowych &#8211; jedyne drogi przekazania pieni\u0119dzy dla nieletniej to:<\/strong>\n<ol class=\"wp-block-list\">\n<li><strong>Przekazanie osobiste podczas odwiedzin.<\/strong><\/li>\n\n\n\n<li><strong>Przekaz pocztowy imienny dla wychowanki.<\/strong><\/li>\n<\/ol>\n<\/li>\n<\/ol>\n\n\n\n<h3 class=\"wp-block-heading\"><br>Wa\u017cne informacje og\u00f3lne o funkcjonowaniu plac\u00f3wki:<\/h3>\n\n\n\n<div class=\"wp-block-file\"><a id=\"wp-block-file--media-662836f8-c710-4c15-b841-469ff3863f1b\" href=\"https:\/\/koronowo.oow.gov.pl\/wp-content\/uploads\/2023\/12\/informator-dla-rodzicow-opiekonow-oow-2023.pdf\">Informator dla rodzic\u00f3w i opiekun\u00f3w<\/a><a href=\"https:\/\/koronowo.oow.gov.pl\/wp-content\/uploads\/2023\/12\/informator-dla-rodzicow-opiekonow-oow-2023.pdf\" class=\"wp-block-file__button wp-element-button\" download aria-describedby=\"wp-block-file--media-662836f8-c710-4c15-b841-469ff3863f1b\">Pobierz ( PDF, 306KB)<\/a><\/div>\n\n\n\n<h3 class=\"wp-block-heading\"><br>Wa\u017cne informacje szkolne:<\/h3>\n\n\n\n<div class=\"wp-block-file\"><a id=\"wp-block-file--media-2c33ee0b-20a6-4182-9822-d042f835a61e\" href=\"https:\/\/koronowo.oow.gov.pl\/wp-content\/uploads\/2023\/01\/SP_informator.pdf\">Informator szkolny dla rodzic\u00f3w \/ opiekun\u00f3w &#8211; Szko\u0142a Podstawowa<\/a><a href=\"https:\/\/koronowo.oow.gov.pl\/wp-content\/uploads\/2023\/01\/SP_informator.pdf\" class=\"wp-block-file__button wp-element-button\" download aria-describedby=\"wp-block-file--media-2c33ee0b-20a6-4182-9822-d042f835a61e\">Pobierz<\/a><\/div>\n\n\n\n<div class=\"wp-block-file\"><a id=\"wp-block-file--media-eca27870-9cca-477d-ba1a-7e4d5cdfa6c9\" href=\"https:\/\/koronowo.oow.gov.pl\/wp-content\/uploads\/2023\/01\/BS_informator.pdf\">Informator szkolny dla rodzic\u00f3w \/ opiekun\u00f3w &#8211; Bran\u017cowa Szko\u0142a I Stopnia<\/a><a href=\"https:\/\/koronowo.oow.gov.pl\/wp-content\/uploads\/2023\/01\/BS_informator.pdf\" class=\"wp-block-file__button wp-element-button\" download aria-describedby=\"wp-block-file--media-eca27870-9cca-477d-ba1a-7e4d5cdfa6c9\">Pobierz (PDF, 278KB)<\/a><\/div>\n\n\n\n<h3 class=\"wp-block-heading\"><br>Pomoc psychologiczno-pedagogiczna dla wychowanek:<\/h3>\n\n\n\n<p>W roku szkolnym 2022\/2023 w Okr\u0119gowym O\u015brodku Wychowawczym w Koronowie prowadzone s\u0105 nast\u0119puj\u0105ce dzia\u0142ania w ramach terapii, terapii grupowej, terapii zaj\u0119ciowej, terapii pedagogicznej i wielostronnego wspomagania wychowanek:<\/p>\n\n\n\n<ol class=\"wp-block-list\">\n<li>Psychoterapia indywidualna d\u0142ugoterminowa.<br><br><\/li>\n\n\n\n<li>Psychoterapia kr\u00f3tkoterminowa w oparciu o autorski program ,,<em>Terapii kr\u00f3tkoterminowej skoncentrowanej na rozwi\u0105zaniu problemu<\/em>\u201d.<br><br><\/li>\n\n\n\n<li>Oddzia\u0142ywania psychologiczne w zakresie \u015bwiadomo\u015bci w\u0142asnej to\u017csamo\u015bci seksualnej i akceptowanych spo\u0142ecznie zachowa\u0144 prowadzone w oparciu o autorski program \u201d<em>Oddzia\u0142ywania psychologiczne w zakresie \u015bwiadomo\u015bci w\u0142asnej to\u017csamo\u015bci seksualnej&nbsp; i akceptowanych spo\u0142ecznie zachowa\u0144<\/em>\u201d.<br><br><\/li>\n\n\n\n<li>Terapia systemowa prowadzona w oparciu o program autorski ,,<em>Program terapii systemowej dla nieletnich dziewcz\u0105t przebywaj\u0105cych w OOW w Koronowie<\/em>\u201d.<br><br><\/li>\n\n\n\n<li>Psychoterapia uzale\u017cnie\u0144 prowadzona w oparciu o autorski ,,<em>Program psychoterapii i psychoprofilaktyki uzale\u017cnie\u0144 dla nieletnich dziewcz\u0105t przebywaj\u0105cych w OOW w Koronowie<\/em>\u201d.<br><br><\/li>\n\n\n\n<li>Terapia nieletnich dziewcz\u0105t pochodz\u0105cych z rodzin z problemem uzale\u017cnienia prowadzona w oparciu o ,,<em>Program terapii dla nieletnich dziewcz\u0105t pochodz\u0105cych z rodzin z problemem uzale\u017cnienia<\/em>\u201d.<br><br><\/li>\n\n\n\n<li>Trening rozwijaj\u0105cy procesy poznawcze poprowadzony w oparciu o autorski program \u201e<em>Trening rozwijaj\u0105cy procesy poznawcze&nbsp; w OOW w Koronowie<\/em>\u201d.<br><br><\/li>\n\n\n\n<li>Oddzia\u0142ywania psychologiczne realizowane w oparciu o autorski \u201e<em>Program pomocy psychologicznej dla wychowanek samookalaczaj\u0105cych si\u0119 oraz sk\u0142onnych do autoagresji\u201d<\/em>.<br><br><\/li>\n\n\n\n<li>Indywidualna pomoc psychologiczna prowadzona w oparciu o autorski \u201e<em>Program indywidualnej pomocy psychologicznej<\/em>\u201d.<br><br><\/li>\n\n\n\n<li>Indywidualna pomoc pedagogiczna opracowana w oparciu o&nbsp;og\u00f3lnopolski program \u201e<em>Sp\u00f3jrz Inaczej<\/em>\u201d.<br><br><\/li>\n\n\n\n<li>Trening zast\u0119powania agresji realizowany w oparciu o program ,,<em>Trening Zast\u0119powania Agresji w OOW w Koronowie<\/em>\u201d.<br><br><\/li>\n\n\n\n<li>Zaj\u0119cia relaksacyjne prowadzone w oparciu o autorski ,,<em>Program zaj\u0119\u0107 relaksacyjnych w OOW w Koronowie<\/em>\u201d.<br><br><\/li>\n\n\n\n<li>Trening motywacyjny realizowany zgodnie z programem autorskim \u201d<em>Trening motywacyjny w OOW w Koronowie<\/em>\u201d.<br><br><\/li>\n\n\n\n<li>Zaj\u0119cia socjoterapeutyczne dla wszystkich wychowanek.<br><br><\/li>\n\n\n\n<li>Udzielanie pomocy wychowankom w sporz\u0105dzaniu pism do instytucji i s\u0105d\u00f3w, pomoc w za\u0142atwieniu formalno\u015bci urz\u0119dowych i wiele innych.<br><br><\/li>\n\n\n\n<li>Udzielanie pomocy rodzicom wychowanek &#8211; realizacja autorskiego programu pomocy psychologicznej dla rodzin wychowanek ,,<em>Zrozumie\u0107 siebie &#8211; rozumie\u0107 dziecko<\/em>\u201d.<br><br><\/li>\n\n\n\n<li>W ramach terapii zaj\u0119ciowej prowadzone s\u0105:<br>&#8211; Ko\u0142o plastyczne w oparciu o program autorski \u201e<em>Tw\u00f3rcze R\u0119ko-czyny<\/em>\u201d.<br>&#8211; Ko\u0142o teatralno-taneczne.<br>&#8211; Ko\u0142o sportowe w oparciu o program autorski pt. \u201e<em>Ko\u0142o Sportowe w OOW w Koronowie<\/em>\u201d.<br>&#8211; Zaj\u0119cia kynoterapeutyczne i wolontariat w Schronisku dla Zwierz\u0105t w Bydgoszczy.<\/li>\n<\/ol>\n\n\n\n<p><\/p>\n","protected":false},"excerpt":{"rendered":"Regulamin odwiedzin Zasady przekazywania pieni\u0119dzy wychowankom umieszczonym w Okr\u0119gowym O\u015brodku Wychowawczym w Koronowie Wa\u017cne informacje og\u00f3lne o funkcjonowaniu plac\u00f3wki: Wa\u017cne informacje szkolne: Pomoc psychologiczno-pedagogiczna dla wychowanek: W roku szkolnym 2022\/2023 w Okr\u0119gowym O\u015brodku Wychowawczym w Koronowie prowadzone s\u0105 nast\u0119puj\u0105ce dzia\u0142ania w ramach terapii, terapii grupowej, terapii zaj\u0119ciowej, terapii pedagogicznej i wielostronnego wspomagania wychowanek:","protected":false},"author":1,"featured_media":0,"parent":0,"menu_order":0,"comment_status":"closed","ping_status":"closed","template":"","meta":{"ngg_post_thumbnail":0,"footnotes":""},"class_list":["post-562","page","type-page","status-publish","hentry"],"_links":{"self":[{"href":"https:\/\/koronowo.oow.gov.pl\/index.php?rest_route=\/wp\/v2\/pages\/562","targetHints":{"allow":["GET"]}}],"collection":[{"href":"https:\/\/koronowo.oow.gov.pl\/index.php?rest_route=\/wp\/v2\/pages"}],"about":[{"href":"https:\/\/koronowo.oow.gov.pl\/index.php?rest_route=\/wp\/v2\/types\/page"}],"author":[{"embeddable":true,"href":"https:\/\/koronowo.oow.gov.pl\/index.php?rest_route=\/wp\/v2\/users\/1"}],"replies":[{"embeddable":true,"href":"https:\/\/koronowo.oow.gov.pl\/index.php?rest_route=%2Fwp%2Fv2%2Fcomments&post=562"}],"version-history":[{"count":43,"href":"https:\/\/koronowo.oow.gov.pl\/index.php?rest_route=\/wp\/v2\/pages\/562\/revisions"}],"predecessor-version":[{"id":1570,"href":"https:\/\/koronowo.oow.gov.pl\/index.php?rest_route=\/wp\/v2\/pages\/562\/revisions\/1570"}],"wp:attachment":[{"href":"https:\/\/koronowo.oow.gov.pl\/index.php?rest_route=%2Fwp%2Fv2%2Fmedia&parent=562"}],"curies":[{"name":"wp","href":"https:\/\/api.w.org\/{rel}","templated":true}]}}